{"id":27,"date":"2026-02-13T22:44:07","date_gmt":"2026-02-13T21:44:07","guid":{"rendered":"https:\/\/agroogrodnik.pl\/?page_id=27"},"modified":"2026-02-13T22:44:07","modified_gmt":"2026-02-13T21:44:07","slug":"agroogrodnictwo","status":"publish","type":"page","link":"https:\/\/agroogrodnik.pl\/index.php\/agroogrodnictwo\/","title":{"rendered":"Agroogrodnictwo"},"content":{"rendered":"\n<h3 class=\"wp-block-heading\">Agroogrodnictwo \u2013 nowoczesne ogrodnictwo po\u0142\u0105czone z rolnictwem<\/h3>\n\n\n\n<p>Agroogrodnictwo to praktyczna dziedzina dla os\u00f3b, kt\u00f3re chc\u0105 zawodowo zajmowa\u0107 si\u0119 <strong>produkcj\u0105 ro\u015blinn\u0105<\/strong>: warzywami, owocami, zio\u0142ami, ro\u015blinami ozdobnymi i szk\u00f3\u0142karskimi \u2013 ale w realiach wsp\u00f3\u0142czesnego rynku, gdzie licz\u0105 si\u0119 <strong>efektywno\u015b\u0107, jako\u015b\u0107 plonu, woda, gleba, dane i technologia<\/strong>. W odr\u00f3\u017cnieniu od klasycznego uj\u0119cia ogrodnictwa, agroogrodnictwo mocniej akcentuje <strong>agrotechnik\u0119 i metody rolnicze<\/strong>, a tak\u017ce rozwi\u0105zania zwi\u0105zane z <strong>rolnictwem precyzyjnym<\/strong>, jak monitoring mikroklimatu, nowoczesne nawadnianie, fertygacja czy retencja w\u00f3d opadowych.<\/p>\n\n\n\n<p><\/p>\n","protected":false},"excerpt":{"rendered":"<p>Agroogrodnictwo \u2013 nowoczesne ogrodnictwo po\u0142\u0105czone z rolnictwem Agroogrodnictwo to praktyczna dziedzina dla os\u00f3b, kt\u00f3re chc\u0105 zawodowo zajmowa\u0107 si\u0119 produkcj\u0105 ro\u015blinn\u0105: warzywami, owocami, zio\u0142ami, ro\u015blinami ozdobnymi i szk\u00f3\u0142karskimi \u2013 ale w realiach wsp\u00f3\u0142czesnego rynku, gdzie licz\u0105 si\u0119 efektywno\u015b\u0107, jako\u015b\u0107 plonu, woda, gleba, dane i technologia. W odr\u00f3\u017cnieniu od klasycznego uj\u0119cia ogrodnictwa, agroogrodnictwo mocniej akcentuje agrotechnik\u0119 i&#8230;<\/p>\n","protected":false},"author":2,"featured_media":0,"parent":0,"menu_order":0,"comment_status":"closed","ping_status":"closed","template":"","meta":{"_kad_post_transparent":"","_kad_post_title":"","_kad_post_layout":"","_kad_post_sidebar_id":"","_kad_post_content_style":"","_kad_post_vertical_padding":"","_kad_post_feature":"","_kad_post_feature_position":"","_kad_post_header":false,"_kad_post_footer":false,"_kad_post_classname":"","footnotes":""},"class_list":["post-27","page","type-page","status-publish","hentry"],"_links":{"self":[{"href":"https:\/\/agroogrodnik.pl\/index.php\/wp-json\/wp\/v2\/pages\/27","targetHints":{"allow":["GET"]}}],"collection":[{"href":"https:\/\/agroogrodnik.pl\/index.php\/wp-json\/wp\/v2\/pages"}],"about":[{"href":"https:\/\/agroogrodnik.pl\/index.php\/wp-json\/wp\/v2\/types\/page"}],"author":[{"embeddable":true,"href":"https:\/\/agroogrodnik.pl\/index.php\/wp-json\/wp\/v2\/users\/2"}],"replies":[{"embeddable":true,"href":"https:\/\/agroogrodnik.pl\/index.php\/wp-json\/wp\/v2\/comments?post=27"}],"version-history":[{"count":1,"href":"https:\/\/agroogrodnik.pl\/index.php\/wp-json\/wp\/v2\/pages\/27\/revisions"}],"predecessor-version":[{"id":28,"href":"https:\/\/agroogrodnik.pl\/index.php\/wp-json\/wp\/v2\/pages\/27\/revisions\/28"}],"wp:attachment":[{"href":"https:\/\/agroogrodnik.pl\/index.php\/wp-json\/wp\/v2\/media?parent=27"}],"curies":[{"name":"wp","href":"https:\/\/api.w.org\/{rel}","templated":true}]}}