{"id":21,"date":"2026-02-13T22:33:08","date_gmt":"2026-02-13T21:33:08","guid":{"rendered":"https:\/\/agroogrodnik.pl\/?page_id=21"},"modified":"2026-02-13T23:20:13","modified_gmt":"2026-02-13T22:20:13","slug":"agroogronik","status":"publish","type":"page","link":"https:\/\/agroogrodnik.pl\/index.php\/agroogronik\/","title":{"rendered":"Agroogrodnik"},"content":{"rendered":"\n<h1 class=\"wp-block-heading\">Kim jest agroogrodnik?<\/h1>\n\n\n\n<p><strong>Agroogrodnik<\/strong> to specjalista produkcji ogrodniczej, kt\u00f3ry \u0142\u0105czy kompetencje ogrodnicze i rolnicze: prowadzi uprawy, dba o jako\u015b\u0107 i zdrowotno\u015b\u0107 ro\u015blin oraz zarz\u0105dza wod\u0105 i nawo\u017ceniem z wykorzystaniem nowoczesnej agrotechniki.<\/p>\n\n\n\n<figure class=\"wp-block-image size-large\"><img loading=\"lazy\" decoding=\"async\" width=\"1024\" height=\"683\" src=\"https:\/\/agroogrodnik.pl\/wp-content\/uploads\/2026\/02\/Agroogrodnik-nowoczesne-ogrodnictwo-i-rolnictwo-1024x683.jpg\" alt=\"\" class=\"wp-image-36\" srcset=\"https:\/\/agroogrodnik.pl\/wp-content\/uploads\/2026\/02\/Agroogrodnik-nowoczesne-ogrodnictwo-i-rolnictwo-1024x683.jpg 1024w, https:\/\/agroogrodnik.pl\/wp-content\/uploads\/2026\/02\/Agroogrodnik-nowoczesne-ogrodnictwo-i-rolnictwo-300x200.jpg 300w, https:\/\/agroogrodnik.pl\/wp-content\/uploads\/2026\/02\/Agroogrodnik-nowoczesne-ogrodnictwo-i-rolnictwo-768x512.jpg 768w, https:\/\/agroogrodnik.pl\/wp-content\/uploads\/2026\/02\/Agroogrodnik-nowoczesne-ogrodnictwo-i-rolnictwo-1536x1024.jpg 1536w, https:\/\/agroogrodnik.pl\/wp-content\/uploads\/2026\/02\/Agroogrodnik-nowoczesne-ogrodnictwo-i-rolnictwo.jpg 1920w\" sizes=\"auto, (max-width: 1024px) 100vw, 1024px\" \/><\/figure>\n\n\n\n<p>Agroogrodnik wykonuje prace i us\u0142ugi ogrodnicze w szerszym zakresie ni\u017c dotychczasowy ogrodnik: nie tylko piel\u0119gnuje i rozmna\u017ca ro\u015bliny, ale tak\u017ce prowadzi uprawy z wykorzystaniem metod rolniczych i ekologicznych, stosuje rozwi\u0105zania takie jak fertygacja, retencja w\u00f3d opadowych oraz monitoring warunk\u00f3w uprawy. Jest przygotowany do pracy zar\u00f3wno w ma\u0142ych gospodarstwach rodzinnych, jak i w nowoczesnych przedsi\u0119biorstwach ogrodniczych prowadz\u0105cych zintegrowan\u0105 produkcj\u0119 rolno-ogrodnicz\u0105.<\/p>\n\n\n\n<h3 class=\"wp-block-heading\"> Czym si\u0119 zajmuje agroogrodnik?<\/h3>\n\n\n\n<p>Agroogrodnik to specjalista, kt\u00f3ry <strong>\u0142\u0105czy ogrodnictwo i rolnictwo<\/strong> w praktyce gospodarstwa lub firmy produkcyjnej. W pracy agroogrodnika kluczowe s\u0105:<\/p>\n\n\n\n<ul class=\"wp-block-list\">\n<li><strong>zak\u0142adanie i prowadzenie upraw ogrodniczych<\/strong> (polowych i pod os\u0142onami \u2013 zale\u017cnie od profilu miejsca pracy),<\/li>\n\n\n\n<li><strong>rozmna\u017canie i piel\u0119gnacja ro\u015blin<\/strong>, prowadzenie prac szk\u00f3\u0142karskich,<\/li>\n\n\n\n<li><strong>nawo\u017cenie i nawadnianie<\/strong> (w tym fertygacja), dba\u0142o\u015b\u0107 o zasobno\u015b\u0107 i \u017cyzno\u015b\u0107 gleby,<\/li>\n\n\n\n<li><strong>ochrona ro\u015blin<\/strong> i profilaktyka zdrowotna upraw (w podej\u015bciu zintegrowanym\/ekologicznym),<\/li>\n\n\n\n<li><strong>zbi\u00f3r, przechowywanie i przygotowanie plon\u00f3w do sprzeda\u017cy<\/strong>,<\/li>\n\n\n\n<li>obs\u0142uga sprz\u0119tu i organizacja prac w gospodarstwie\/zak\u0142adzie,<\/li>\n\n\n\n<li>korzystanie z narz\u0119dzi, kt\u00f3re zwi\u0119kszaj\u0105 stabilno\u015b\u0107 i przewidywalno\u015b\u0107 produkcji: <strong>retencja wody, monitoring warunk\u00f3w uprawy, podstawy rolnictwa precyzyjnego<\/strong>.<\/li>\n<\/ul>\n\n\n\n<p><\/p>\n","protected":false},"excerpt":{"rendered":"<p>Kim jest agroogrodnik? Agroogrodnik to specjalista produkcji ogrodniczej, kt\u00f3ry \u0142\u0105czy kompetencje ogrodnicze i rolnicze: prowadzi uprawy, dba o jako\u015b\u0107 i zdrowotno\u015b\u0107 ro\u015blin oraz zarz\u0105dza wod\u0105 i nawo\u017ceniem z wykorzystaniem nowoczesnej agrotechniki. Agroogrodnik wykonuje prace i us\u0142ugi ogrodnicze w szerszym zakresie ni\u017c dotychczasowy ogrodnik: nie tylko piel\u0119gnuje i rozmna\u017ca ro\u015bliny, ale tak\u017ce prowadzi uprawy z wykorzystaniem&#8230;<\/p>\n","protected":false},"author":2,"featured_media":0,"parent":0,"menu_order":0,"comment_status":"closed","ping_status":"closed","template":"","meta":{"_kad_post_transparent":"","_kad_post_title":"","_kad_post_layout":"","_kad_post_sidebar_id":"","_kad_post_content_style":"","_kad_post_vertical_padding":"","_kad_post_feature":"","_kad_post_feature_position":"","_kad_post_header":false,"_kad_post_footer":false,"_kad_post_classname":"","footnotes":""},"class_list":["post-21","page","type-page","status-publish","hentry"],"_links":{"self":[{"href":"https:\/\/agroogrodnik.pl\/index.php\/wp-json\/wp\/v2\/pages\/21","targetHints":{"allow":["GET"]}}],"collection":[{"href":"https:\/\/agroogrodnik.pl\/index.php\/wp-json\/wp\/v2\/pages"}],"about":[{"href":"https:\/\/agroogrodnik.pl\/index.php\/wp-json\/wp\/v2\/types\/page"}],"author":[{"embeddable":true,"href":"https:\/\/agroogrodnik.pl\/index.php\/wp-json\/wp\/v2\/users\/2"}],"replies":[{"embeddable":true,"href":"https:\/\/agroogrodnik.pl\/index.php\/wp-json\/wp\/v2\/comments?post=21"}],"version-history":[{"count":5,"href":"https:\/\/agroogrodnik.pl\/index.php\/wp-json\/wp\/v2\/pages\/21\/revisions"}],"predecessor-version":[{"id":37,"href":"https:\/\/agroogrodnik.pl\/index.php\/wp-json\/wp\/v2\/pages\/21\/revisions\/37"}],"wp:attachment":[{"href":"https:\/\/agroogrodnik.pl\/index.php\/wp-json\/wp\/v2\/media?parent=21"}],"curies":[{"name":"wp","href":"https:\/\/api.w.org\/{rel}","templated":true}]}}